{"id":380,"date":"2025-09-05T08:16:43","date_gmt":"2025-09-05T12:16:43","guid":{"rendered":"https:\/\/cop30canada.ca\/sign-up\/"},"modified":"2025-09-10T12:02:10","modified_gmt":"2025-09-10T16:02:10","slug":"sign-up","status":"publish","type":"page","link":"https:\/\/cop30canada.ca\/fr\/sign-up\/","title":{"rendered":"Signup"},"content":{"rendered":"\t\t<div data-elementor-type=\"wp-page\" data-elementor-id=\"380\" class=\"elementor elementor-380 elementor-23\" data-elementor-post-type=\"page\">\n\t\t\t\t<div class=\"elementor-element elementor-element-68acdb7 e-flex e-con-boxed e-con e-parent\" data-id=\"68acdb7\" data-element_type=\"container\" id=\"main\">\n\t\t\t\t\t<div class=\"e-con-inner\">\n\t\t\t\t<div class=\"elementor-element elementor-element-77573f2 elementor-widget elementor-widget-heading\" data-id=\"77573f2\" data-element_type=\"widget\" data-widget_type=\"heading.default\">\n\t\t\t\t\t<h1 class=\"elementor-heading-title elementor-size-default\">Inscrivez-vous pour recevoir des mises \u00e0 jour \u00e0 propos du Pavillon du Canada \u00e0 la COP30<\/h1>\t\t\t\t<\/div>\n\t\t\t\t<div class=\"elementor-element elementor-element-9172249 elementor-widget elementor-widget-html\" data-id=\"9172249\" data-element_type=\"widget\" data-widget_type=\"html.default\">\n\t\t\t\t\t<iframe \r\n  data-w-type=\"embedded\"\r\n  frameborder=\"0\"\r\n  scrolling=\"no\"\r\n  src=\"https:\/\/x8s9j.mjt.lu\/wgt\/x8s9j\/0mh6\/form?c=d11034c0\"\r\n  width=\"100%\"\r\n  style=\"height: 700px; border: none;\">\r\n<\/iframe>\r\n\t\t\t\t<\/div>\n\t\t\t\t\t<\/div>\n\t\t\t\t<\/div>\n\t\t\t\t<\/div>\n\t\t","protected":false},"excerpt":{"rendered":"<p>Inscrivez-vous pour recevoir des mises \u00e0 jour \u00e0 propos du Pavillon du Canada \u00e0 la COP30<\/p>\n","protected":false},"author":2,"featured_media":0,"parent":0,"menu_order":0,"comment_status":"closed","ping_status":"closed","template":"","meta":{"_acf_changed":false,"footnotes":""},"class_list":["post-380","page","type-page","status-publish","hentry"],"acf":[],"_links":{"self":[{"href":"https:\/\/cop30canada.ca\/fr\/wp-json\/wp\/v2\/pages\/380","targetHints":{"allow":["GET"]}}],"collection":[{"href":"https:\/\/cop30canada.ca\/fr\/wp-json\/wp\/v2\/pages"}],"about":[{"href":"https:\/\/cop30canada.ca\/fr\/wp-json\/wp\/v2\/types\/page"}],"author":[{"embeddable":true,"href":"https:\/\/cop30canada.ca\/fr\/wp-json\/wp\/v2\/users\/2"}],"replies":[{"embeddable":true,"href":"https:\/\/cop30canada.ca\/fr\/wp-json\/wp\/v2\/comments?post=380"}],"version-history":[{"count":24,"href":"https:\/\/cop30canada.ca\/fr\/wp-json\/wp\/v2\/pages\/380\/revisions"}],"predecessor-version":[{"id":1174,"href":"https:\/\/cop30canada.ca\/fr\/wp-json\/wp\/v2\/pages\/380\/revisions\/1174"}],"wp:attachment":[{"href":"https:\/\/cop30canada.ca\/fr\/wp-json\/wp\/v2\/media?parent=380"}],"curies":[{"name":"wp","href":"https:\/\/api.w.org\/{rel}","templated":true}]}}