{"id":383,"date":"2025-09-05T08:15:53","date_gmt":"2025-09-05T12:15:53","guid":{"rendered":"https:\/\/cop30canada.ca\/timeline\/"},"modified":"2025-09-12T13:31:01","modified_gmt":"2025-09-12T17:31:01","slug":"chronologie","status":"publish","type":"page","link":"https:\/\/cop30canada.ca\/fr\/chronologie\/","title":{"rendered":"Chronologie"},"content":{"rendered":"\t\t<div data-elementor-type=\"wp-page\" data-elementor-id=\"383\" class=\"elementor elementor-383 elementor-18\" data-elementor-post-type=\"page\">\n\t\t\t\t<div class=\"elementor-element elementor-element-4410e65 e-flex e-con-boxed e-con e-parent\" data-id=\"4410e65\" data-element_type=\"container\" id=\"main\">\n\t\t\t\t\t<div class=\"e-con-inner\">\n\t\t<div class=\"elementor-element elementor-element-5c5be60 e-flex e-con-boxed e-con e-child\" data-id=\"5c5be60\" data-element_type=\"container\">\n\t\t\t\t\t<div class=\"e-con-inner\">\n\t\t\t\t<div class=\"elementor-element elementor-element-43d829b elementor-widget elementor-widget-heading\" data-id=\"43d829b\" data-element_type=\"widget\" data-widget_type=\"heading.default\">\n\t\t\t\t\t<h1 class=\"elementor-heading-title elementor-size-default\">Calendrier d\u2019\u00e9laboration du programme des \u00e9v\u00e9nements du pavillon du Canada<\/h1>\t\t\t\t<\/div>\n\t\t\t\t<div class=\"elementor-element elementor-element-ec0ca8e elementor-widget elementor-widget-text-editor\" data-id=\"ec0ca8e\" data-element_type=\"widget\" data-widget_type=\"text-editor.default\">\n\t\t\t\t\t\t\t\t\t<p>Vous trouverez ci-dessous un aper\u00e7u des dates et des \u00e9ch\u00e9anciers cl\u00e9s pour l\u2019\u00e9laboration du programme des \u00e9v\u00e9nements du Pavillon du Canada. Veuillez noter que ces dates peuvent changer au fur et \u00e0 mesure que le programme \u00e9volue. Les demandeurs seront inform\u00e9s de tout changement aux dates limites ou \u00e0 d\u2019autres \u00e9tapes cl\u00e9s.<\/p>\t\t\t\t\t\t\t\t<\/div>\n\t\t\t\t\t<\/div>\n\t\t\t\t<\/div>\n\t\t<div class=\"elementor-element elementor-element-9924201 e-flex e-con-boxed e-con e-child\" data-id=\"9924201\" data-element_type=\"container\">\n\t\t\t\t\t<div class=\"e-con-inner\">\n\t\t\t\t<div class=\"elementor-element elementor-element-4f1b7a8 dce_masking-none elementor-widget elementor-widget-image\" data-id=\"4f1b7a8\" data-element_type=\"widget\" data-widget_type=\"image.default\">\n\t\t\t\t\t\t\t\t\t\t\t\t\t\t\t<img fetchpriority=\"high\" decoding=\"async\" width=\"800\" height=\"450\" src=\"https:\/\/cop30canada.ca\/wp-content\/uploads\/2025\/09\/db09176a-241b-40cf-9ef4-162c51c34907-1024x576.png\" class=\"attachment-large size-large wp-image-377\" alt=\"\" srcset=\"https:\/\/cop30canada.ca\/wp-content\/uploads\/2025\/09\/db09176a-241b-40cf-9ef4-162c51c34907-1024x576.png 1024w, https:\/\/cop30canada.ca\/wp-content\/uploads\/2025\/09\/db09176a-241b-40cf-9ef4-162c51c34907-300x169.png 300w, https:\/\/cop30canada.ca\/wp-content\/uploads\/2025\/09\/db09176a-241b-40cf-9ef4-162c51c34907-768x432.png 768w, https:\/\/cop30canada.ca\/wp-content\/uploads\/2025\/09\/db09176a-241b-40cf-9ef4-162c51c34907.png 1200w\" sizes=\"(max-width: 800px) 100vw, 800px\" \/>\t\t\t\t\t\t\t\t\t\t\t\t\t\t\t<\/div>\n\t\t\t\t\t<\/div>\n\t\t\t\t<\/div>\n\t\t\t\t\t<\/div>\n\t\t\t\t<\/div>\n\t\t<div class=\"elementor-element elementor-element-c03a7b9 e-flex e-con-boxed e-con e-parent\" data-id=\"c03a7b9\" data-element_type=\"container\">\n\t\t\t\t\t<div class=\"e-con-inner\">\n\t\t\t\t<div class=\"elementor-element elementor-element-d3cf4c5 elementor-widget elementor-widget-text-editor\" data-id=\"d3cf4c5\" data-element_type=\"widget\" data-widget_type=\"text-editor.default\">\n\t\t\t\t\t\t\t\t\t<p>All key dates subject to change<\/p>\t\t\t\t\t\t\t\t<\/div>\n\t\t<div data-dce-background-color=\"#DE3B4021\" class=\"elementor-element elementor-element-f13ff04 e-con-full card e-flex e-con e-child\" data-id=\"f13ff04\" data-element_type=\"container\" data-settings=\"{&quot;background_background&quot;:&quot;classic&quot;}\">\n\t\t<div class=\"elementor-element elementor-element-c6adfce e-con-full card-left e-flex e-con e-child\" data-id=\"c6adfce\" data-element_type=\"container\">\n\t\t\t\t<div class=\"elementor-element elementor-element-3b27508 elementor-widget elementor-widget-heading\" data-id=\"3b27508\" data-element_type=\"widget\" data-widget_type=\"heading.default\">\n\t\t\t\t\t<h2 class=\"elementor-heading-title elementor-size-default\">12-25<\/h2>\t\t\t\t<\/div>\n\t\t\t\t<div class=\"elementor-element elementor-element-26d8aff elementor-widget elementor-widget-heading\" data-id=\"26d8aff\" data-element_type=\"widget\" data-widget_type=\"heading.default\">\n\t\t\t\t\t<h2 class=\"elementor-heading-title elementor-size-default\">Sept<\/h2>\t\t\t\t<\/div>\n\t\t\t\t<\/div>\n\t\t<div class=\"elementor-element elementor-element-65a0dd8 e-con-full card-right e-flex e-con e-child\" data-id=\"65a0dd8\" data-element_type=\"container\">\n\t\t\t\t<div class=\"elementor-element elementor-element-1d06ce6 elementor-widget elementor-widget-text-editor\" data-id=\"1d06ce6\" data-element_type=\"widget\" data-widget_type=\"text-editor.default\">\n\t\t\t\t\t\t\t\t\t<p>Le processus de demande est ouvert.<\/p>\t\t\t\t\t\t\t\t<\/div>\n\t\t\t\t<\/div>\n\t\t\t\t<\/div>\n\t\t<div data-dce-background-color=\"#DE3B4021\" class=\"elementor-element elementor-element-629b253 e-con-full card e-flex e-con e-child\" data-id=\"629b253\" data-element_type=\"container\" data-settings=\"{&quot;background_background&quot;:&quot;classic&quot;}\">\n\t\t<div class=\"elementor-element elementor-element-80e3f22 e-con-full card-left e-flex e-con e-child\" data-id=\"80e3f22\" data-element_type=\"container\">\n\t\t\t\t<div class=\"elementor-element elementor-element-7fea041 elementor-widget elementor-widget-heading\" data-id=\"7fea041\" data-element_type=\"widget\" data-widget_type=\"heading.default\">\n\t\t\t\t\t<h2 class=\"elementor-heading-title elementor-size-default\">26 Sept - 14 Oct<\/h2>\t\t\t\t<\/div>\n\t\t\t\t<\/div>\n\t\t<div class=\"elementor-element elementor-element-9d255aa e-con-full card-right e-flex e-con e-child\" data-id=\"9d255aa\" data-element_type=\"container\">\n\t\t\t\t<div class=\"elementor-element elementor-element-0fb57be elementor-widget elementor-widget-text-editor\" data-id=\"0fb57be\" data-element_type=\"widget\" data-widget_type=\"text-editor.default\">\n\t\t\t\t\t\t\t\t\t<p>\u00c9valuation des demandes d\u2019\u00e9v\u00e9nements.<\/p>\t\t\t\t\t\t\t\t<\/div>\n\t\t\t\t<\/div>\n\t\t\t\t<\/div>\n\t\t<div data-dce-background-color=\"#DE3B4021\" class=\"elementor-element elementor-element-201220c e-con-full card e-flex e-con e-child\" data-id=\"201220c\" data-element_type=\"container\" data-settings=\"{&quot;background_background&quot;:&quot;classic&quot;}\">\n\t\t<div class=\"elementor-element elementor-element-60db1e5 e-con-full card-left e-flex e-con e-child\" data-id=\"60db1e5\" data-element_type=\"container\">\n\t\t\t\t<div class=\"elementor-element elementor-element-9c34ffc elementor-widget elementor-widget-heading\" data-id=\"9c34ffc\" data-element_type=\"widget\" data-widget_type=\"heading.default\">\n\t\t\t\t\t<h2 class=\"elementor-heading-title elementor-size-default\">15-16 Oct<\/h2>\t\t\t\t<\/div>\n\t\t\t\t<\/div>\n\t\t<div class=\"elementor-element elementor-element-b6b8530 e-con-full card-right e-flex e-con e-child\" data-id=\"b6b8530\" data-element_type=\"container\">\n\t\t\t\t<div class=\"elementor-element elementor-element-023e738 elementor-widget elementor-widget-text-editor\" data-id=\"023e738\" data-element_type=\"widget\" data-widget_type=\"text-editor.default\">\n\t\t\t\t\t\t\t\t\t<p>Un courriel sera envoy\u00e9 aux responsables de l\u2019\u00e9v\u00e9nement pour les informer si leur proposition a \u00e9t\u00e9 retenue ou non.<\/p>\t\t\t\t\t\t\t\t<\/div>\n\t\t\t\t<\/div>\n\t\t\t\t<\/div>\n\t\t<div data-dce-background-color=\"#DE3B4021\" class=\"elementor-element elementor-element-0512e6e e-con-full card e-flex e-con e-child\" data-id=\"0512e6e\" data-element_type=\"container\" data-settings=\"{&quot;background_background&quot;:&quot;classic&quot;}\">\n\t\t<div class=\"elementor-element elementor-element-7c502c5 e-con-full card-left e-flex e-con e-child\" data-id=\"7c502c5\" data-element_type=\"container\">\n\t\t\t\t<div class=\"elementor-element elementor-element-acbdbf2 elementor-widget elementor-widget-heading\" data-id=\"acbdbf2\" data-element_type=\"widget\" data-widget_type=\"heading.default\">\n\t\t\t\t\t<h2 class=\"elementor-heading-title elementor-size-default\">21-29 Oct<\/h2>\t\t\t\t<\/div>\n\t\t\t\t<\/div>\n\t\t<div class=\"elementor-element elementor-element-eac6204 e-con-full card-right e-flex e-con e-child\" data-id=\"eac6204\" data-element_type=\"container\">\n\t\t\t\t<div class=\"elementor-element elementor-element-dae6e1f elementor-widget elementor-widget-text-editor\" data-id=\"dae6e1f\" data-element_type=\"widget\" data-widget_type=\"text-editor.default\">\n\t\t\t\t\t\t\t\t\t<p>Les responsables de l\u2019\u00e9v\u00e9nement participent \u00e0 deux s\u00e9ances d\u2019information obligatoires bilingues pour passer en revue les responsabilit\u00e9s, les prochaines \u00e9tapes et les dates limites cl\u00e9s.<\/p>\t\t\t\t\t\t\t\t<\/div>\n\t\t\t\t<\/div>\n\t\t\t\t<\/div>\n\t\t<div data-dce-background-color=\"#DE3B4021\" class=\"elementor-element elementor-element-b85fb16 e-con-full card e-flex e-con e-child\" data-id=\"b85fb16\" data-element_type=\"container\" data-settings=\"{&quot;background_background&quot;:&quot;classic&quot;}\">\n\t\t<div class=\"elementor-element elementor-element-ede9095 e-con-full card-left e-flex e-con e-child\" data-id=\"ede9095\" data-element_type=\"container\">\n\t\t\t\t<div class=\"elementor-element elementor-element-c902a35 elementor-widget elementor-widget-heading\" data-id=\"c902a35\" data-element_type=\"widget\" data-widget_type=\"heading.default\">\n\t\t\t\t\t<h2 class=\"elementor-heading-title elementor-size-default\">17 Oct - 10 Nov<\/h2>\t\t\t\t<\/div>\n\t\t\t\t<\/div>\n\t\t<div class=\"elementor-element elementor-element-e135f47 e-con-full card-right e-flex e-con e-child\" data-id=\"e135f47\" data-element_type=\"container\">\n\t\t\t\t<div class=\"elementor-element elementor-element-0e01351 elementor-widget elementor-widget-text-editor\" data-id=\"0e01351\" data-element_type=\"widget\" data-widget_type=\"text-editor.default\">\n\t\t\t\t\t\t\t\t\t<p>Les responsables de l\u2019\u00e9v\u00e9nement travaillent avec l\u2019\u00e9quipe de gestion d\u2019\u00e9v\u00e9nement pour en affiner et confirmer les d\u00e9tails, y compris, mais sans s\u2019y limiter, les titres, les descriptions, les conf\u00e9renci\u00e8res et conf\u00e9renciers, les formats, les spectacles et les besoins logistiques.<\/p>\t\t\t\t\t\t\t\t<\/div>\n\t\t\t\t<\/div>\n\t\t\t\t<\/div>\n\t\t\t\t\t<\/div>\n\t\t\t\t<\/div>\n\t\t\t\t<\/div>\n\t\t","protected":false},"excerpt":{"rendered":"<p>Calendrier d\u2019\u00e9laboration du programme des \u00e9v\u00e9nements du pavillon du Canada Vous trouverez ci-dessous un aper\u00e7u des dates et des \u00e9ch\u00e9anciers cl\u00e9s pour l\u2019\u00e9laboration du programme des \u00e9v\u00e9nements du Pavillon du Canada. Veuillez noter que ces dates peuvent changer au fur et \u00e0 mesure que le programme \u00e9volue. Les demandeurs seront inform\u00e9s de tout changement aux [&hellip;]<\/p>\n","protected":false},"author":2,"featured_media":0,"parent":0,"menu_order":0,"comment_status":"closed","ping_status":"closed","template":"","meta":{"_acf_changed":false,"footnotes":""},"class_list":["post-383","page","type-page","status-publish","hentry"],"acf":[],"_links":{"self":[{"href":"https:\/\/cop30canada.ca\/fr\/wp-json\/wp\/v2\/pages\/383","targetHints":{"allow":["GET"]}}],"collection":[{"href":"https:\/\/cop30canada.ca\/fr\/wp-json\/wp\/v2\/pages"}],"about":[{"href":"https:\/\/cop30canada.ca\/fr\/wp-json\/wp\/v2\/types\/page"}],"author":[{"embeddable":true,"href":"https:\/\/cop30canada.ca\/fr\/wp-json\/wp\/v2\/users\/2"}],"replies":[{"embeddable":true,"href":"https:\/\/cop30canada.ca\/fr\/wp-json\/wp\/v2\/comments?post=383"}],"version-history":[{"count":68,"href":"https:\/\/cop30canada.ca\/fr\/wp-json\/wp\/v2\/pages\/383\/revisions"}],"predecessor-version":[{"id":1432,"href":"https:\/\/cop30canada.ca\/fr\/wp-json\/wp\/v2\/pages\/383\/revisions\/1432"}],"wp:attachment":[{"href":"https:\/\/cop30canada.ca\/fr\/wp-json\/wp\/v2\/media?parent=383"}],"curies":[{"name":"wp","href":"https:\/\/api.w.org\/{rel}","templated":true}]}}